
{"id":26,"date":"2026-03-06T09:33:42","date_gmt":"2026-03-06T09:33:42","guid":{"rendered":"https:\/\/souloria.fr\/?page_id=26"},"modified":"2026-03-30T13:43:26","modified_gmt":"2026-03-30T13:43:26","slug":"temoignages","status":"publish","type":"page","link":"https:\/\/souloria.fr\/?page_id=26","title":{"rendered":"T\u00e9moignages"},"content":{"rendered":"\n<!-- \u2550\u2550\u2550\u2550\u2550\u2550\u2550\u2550\u2550\u2550\u2550\u2550\u2550\u2550\u2550\u2550\u2550\u2550\u2550\u2550\u2550\u2550\u2550\u2550\u2550\u2550\u2550\u2550\u2550\u2550\u2550\u2550\u2550\u2550\u2550\u2550\u2550\u2550\u2550\n     PAGE : T\u00c9MOIGNAGES (version optimis\u00e9e)\n     \u2550\u2550\u2550\u2550\u2550\u2550\u2550\u2550\u2550\u2550\u2550\u2550\u2550\u2550\u2550\u2550\u2550\u2550\u2550\u2550\u2550\u2550\u2550\u2550\u2550\u2550\u2550\u2550\u2550\u2550\u2550\u2550\u2550\u2550\u2550\u2550\u2550\u2550\u2550 -->\n\n<section class=\"souloria-section\">\n  <div class=\"souloria-container\">\n\n    <!-- \u2705 NOUVEAU TITRE -->\n    <h1 class=\"souloria-section-title\">\n      Ils ont commenc\u00e9 \u00e0 mieux se comprendre\n    <\/h1>\n\n    <p class=\"souloria-section-subtitle\">\n      Des retours authentiques de personnes qui explorent leur monde int\u00e9rieur avec Souloria.\n    <\/p>\n\n    <div class=\"souloria-testimonials-grid\">\n\n      <!-- T\u00e9moignage 1 -->\n      <div class=\"souloria-testimonial-card\">\n        <div class=\"souloria-testimonial-stars\">\u2605\u2605\u2605\u2605\u2605<\/div>\n        <p class=\"souloria-testimonial-text\">\n          \u00ab\u00a0Je faisais souvent les m\u00eames r\u00eaves sans les comprendre. En quelques jours, Souloria a mis en lumi\u00e8re des sch\u00e9mas que je n\u2019avais jamais vus. J\u2019ai l\u2019impression de commencer \u00e0 me comprendre vraiment.\u00a0\u00bb\n        <\/p>\n        <div class=\"souloria-testimonial-author\">\u2014 Mathilde, 38 ans<\/div>\n      <\/div>\n\n      <!-- T\u00e9moignage 2 -->\n      <div class=\"souloria-testimonial-card\">\n        <div class=\"souloria-testimonial-stars\">\u2605\u2605\u2605\u2605\u2605<\/div>\n        <p class=\"souloria-testimonial-text\">\n          \u00ab\u00a0Le travail sur l\u2019Ombre est bluffant. Ce n\u2019est pas juste des r\u00e9ponses g\u00e9n\u00e9riques : on sent que l\u2019outil se souvient et devient de plus en plus pr\u00e9cis avec le temps.\u00a0\u00bb\n        <\/p>\n        <div class=\"souloria-testimonial-author\">\u2014 Nathalie, th\u00e9rapeute<\/div>\n      <\/div>\n\n      <!-- T\u00e9moignage 3 -->\n      <div class=\"souloria-testimonial-card\">\n        <div class=\"souloria-testimonial-stars\">\u2605\u2605\u2605\u2605\u2605<\/div>\n        <p class=\"souloria-testimonial-text\">\n          \u00ab\u00a0J\u2019ai essay\u00e9 beaucoup d\u2019apps avant\u2026 mais ici, tout est reli\u00e9. Astrologie, num\u00e9rologie, r\u00eaves \u2014 \u00e7a donne enfin une vision coh\u00e9rente de moi-m\u00eame.\u00a0\u00bb\n        <\/p>\n        <div class=\"souloria-testimonial-author\">\u2014 Amal, 42 ans<\/div>\n      <\/div>\n\n      <!-- T\u00e9moignage 4 (AJOUT recommand\u00e9) -->\n      <div class=\"souloria-testimonial-card\">\n        <div class=\"souloria-testimonial-stars\">\u2605\u2605\u2605\u2605\u2605<\/div>\n        <p class=\"souloria-testimonial-text\">\n          \u00ab\u00a0Au d\u00e9but j\u2019\u00e9tais sceptique. Mais plus j\u2019\u00e9cris, plus les analyses deviennent justes. C\u2019est comme si l\u2019outil apprenait \u00e0 me conna\u00eetre.\u00a0\u00bb\n        <\/p>\n        <div class=\"souloria-testimonial-author\">\u2014 Julien, 35 ans<\/div>\n      <\/div>\n\n    <\/div>\n  <\/div>\n<\/section>\n\n<!-- SECTION IMPACT (AJOUT TR\u00c8S IMPORTANT) -->\n<section class=\"souloria-section\" style=\"background:rgba(124,58,237,0.02);\">\n  <div class=\"souloria-container\">\n\n    <h2 class=\"souloria-section-title\">\n      Une exp\u00e9rience qui \u00e9volue avec vous\n    <\/h2>\n\n    <p class=\"souloria-section-subtitle\">\n      Contrairement aux outils classiques, Souloria ne donne pas une r\u00e9ponse ponctuelle.\n      Il construit une compr\u00e9hension de vous-m\u00eame dans le temps.\n    <\/p>\n\n  <\/div>\n<\/section>\n\n<!-- CTA bas de page -->\n<section class=\"souloria-section souloria-beta-section\">\n  <div class=\"souloria-container\">\n    <div class=\"souloria-beta-box\">\n\n      <h2>\u2726 Et si vous commenciez \u00e0 vous comprendre ?<\/h2>\n\n      <p>\n        Rejoignez la b\u00eata priv\u00e9e et d\u00e9couvrez une nouvelle fa\u00e7on d\u2019explorer votre monde int\u00e9rieur.\n      <\/p>\n\n      <a href=\"https:\/\/form.jotform.com\/260533492654056\" target=\"_blank\" class=\"souloria-btn souloria-btn-gold\" rel=\"noopener\">\n        Demander un acc\u00e8s b\u00eata\n      <\/a>\n\n    <\/div>\n  <\/div>\n<\/section>\n","protected":false},"excerpt":{"rendered":"<p>Ils ont commenc\u00e9 \u00e0 mieux se comprendre Des retours authentiques de personnes qui explorent leur monde int\u00e9rieur avec Souloria. \u2605\u2605\u2605\u2605\u2605 [&hellip;]<\/p>\n","protected":false},"author":1,"featured_media":0,"parent":0,"menu_order":0,"comment_status":"closed","ping_status":"closed","template":"","meta":{"site-sidebar-layout":"default","site-content-layout":"","ast-site-content-layout":"default","site-content-style":"default","site-sidebar-style":"default","ast-global-header-display":"","ast-banner-title-visibility":"","ast-main-header-display":"","ast-hfb-above-header-display":"","ast-hfb-below-header-display":"","ast-hfb-mobile-header-display":"","site-post-title":"","ast-breadcrumbs-content":"","ast-featured-img":"","footer-sml-layout":"","ast-disable-related-posts":"","theme-transparent-header-meta":"","adv-header-id-meta":"","stick-header-meta":"","header-above-stick-meta":"","header-main-stick-meta":"","header-below-stick-meta":"","astra-migrate-meta-layouts":"default","ast-page-background-enabled":"default","ast-page-background-meta":{"desktop":{"background-color":"var(--ast-global-color-5)","background-image":"","background-repeat":"repeat","background-position":"center center","background-size":"auto","background-attachment":"scroll","background-type":"","background-media":"","overlay-type":"","overlay-color":"","overlay-opacity":"","overlay-gradient":""},"tablet":{"background-color":"","background-image":"","background-repeat":"repeat","background-position":"center center","background-size":"auto","background-attachment":"scroll","background-type":"","background-media":"","overlay-type":"","overlay-color":"","overlay-opacity":"","overlay-gradient":""},"mobile":{"background-color":"","background-image":"","background-repeat":"repeat","background-position":"center center","background-size":"auto","background-attachment":"scroll","background-type":"","background-media":"","overlay-type":"","overlay-color":"","overlay-opacity":"","overlay-gradient":""}},"ast-content-background-meta":{"desktop":{"background-color":"var(--ast-global-color-4)","background-image":"","background-repeat":"repeat","background-position":"center center","background-size":"auto","background-attachment":"scroll","background-type":"","background-media":"","overlay-type":"","overlay-color":"","overlay-opacity":"","overlay-gradient":""},"tablet":{"background-color":"var(--ast-global-color-4)","background-image":"","background-repeat":"repeat","background-position":"center center","background-size":"auto","background-attachment":"scroll","background-type":"","background-media":"","overlay-type":"","overlay-color":"","overlay-opacity":"","overlay-gradient":""},"mobile":{"background-color":"var(--ast-global-color-4)","background-image":"","background-repeat":"repeat","background-position":"center center","background-size":"auto","background-attachment":"scroll","background-type":"","background-media":"","overlay-type":"","overlay-color":"","overlay-opacity":"","overlay-gradient":""}},"footnotes":""},"class_list":["post-26","page","type-page","status-publish","hentry"],"_links":{"self":[{"href":"https:\/\/souloria.fr\/index.php?rest_route=\/wp\/v2\/pages\/26","targetHints":{"allow":["GET"]}}],"collection":[{"href":"https:\/\/souloria.fr\/index.php?rest_route=\/wp\/v2\/pages"}],"about":[{"href":"https:\/\/souloria.fr\/index.php?rest_route=\/wp\/v2\/types\/page"}],"author":[{"embeddable":true,"href":"https:\/\/souloria.fr\/index.php?rest_route=\/wp\/v2\/users\/1"}],"replies":[{"embeddable":true,"href":"https:\/\/souloria.fr\/index.php?rest_route=%2Fwp%2Fv2%2Fcomments&post=26"}],"version-history":[{"count":2,"href":"https:\/\/souloria.fr\/index.php?rest_route=\/wp\/v2\/pages\/26\/revisions"}],"predecessor-version":[{"id":71,"href":"https:\/\/souloria.fr\/index.php?rest_route=\/wp\/v2\/pages\/26\/revisions\/71"}],"wp:attachment":[{"href":"https:\/\/souloria.fr\/index.php?rest_route=%2Fwp%2Fv2%2Fmedia&parent=26"}],"curies":[{"name":"wp","href":"https:\/\/api.w.org\/{rel}","templated":true}]}}